{"id":9408,"date":"2021-12-03T12:24:22","date_gmt":"2021-12-03T15:24:22","guid":{"rendered":"https:\/\/www.solidaridadlatam.org\/?page_id=9408"},"modified":"2022-03-03T09:54:10","modified_gmt":"2022-03-03T12:54:10","slug":"politica-de-privacidad","status":"publish","type":"page","link":"https:\/\/solidaridadlatam.org\/brasil\/politica-de-privacidad\/","title":{"rendered":"POL\u00cdTICA DE PRIVACIDADE"},"content":{"rendered":"<div class=\"wpb-content-wrapper\"><p>[vc_section css=\u00bb.vc_custom_1631288489664{margin-top: 0px !important;margin-right: 0px !important;margin-bottom: 0px !important;margin-left: 0px !important;padding-top: 1px !important;padding-bottom: 20px !important;}\u00bb mobile_bg_img_hidden=\u00bbno\u00bb tablet_bg_img_hidden=\u00bbno\u00bb woodmart_parallax=\u00bb0&#8243; woodmart_gradient_switch=\u00bbno\u00bb woodmart_disable_overflow=\u00bb0&#8243; el_id=\u00bbtrayectoria\u00bb][vc_row][vc_column css=\u00bb.vc_custom_1606898795118{padding-right: 10px !important;padding-left: 10px !important;}\u00bb mobile_bg_img_hidden=\u00bbno\u00bb tablet_bg_img_hidden=\u00bbno\u00bb woodmart_parallax=\u00bb0&#8243; woodmart_sticky_column=\u00bbfalse\u00bb parallax_scroll=\u00bbno\u00bb mobile_reset_margin=\u00bbno\u00bb tablet_reset_margin=\u00bbno\u00bb][vc_custom_heading text=\u00bbPOL\u00cdTICA DE PRIVACIDADE\u00bb font_container=\u00bbtag:h2|font_size:30px|text_align:center|color:%23000000|line_height:30px\u00bb use_theme_fonts=\u00bbyes\u00bb]\t\t\t<link rel=\"stylesheet\" id=\"wd-responsive-text-css\" href=\"https:\/\/solidaridadlatam.org\/brasil\/wp-content\/themes\/woodmart\/css\/parts\/el-responsive-text.min.css?ver=7.4.3\" type=\"text\/css\" media=\"all\" \/> \t\t\t\t\t\t<div id=\"wd-6220b9d8d2ea1\" class=\"wd-text-block-wrapper wd-wpb wd-rs-6220b9d8d2ea1 color-scheme-dark text-center wd-width-enabled \" style=\"--wd-max-width: 70%;\">\n\t\t\t\t<div class=\"woodmart-title-container woodmart-text-block reset-last-child font-text wd-font-weight-400 wd-fontsize-xl\">\n\t\t\t\t\t<span style=\"font-weight: 400; color: #000000;\">A Funda\u00e7\u00e3o Solidaridad se empenha em monitorar com rigor as informa\u00e7\u00f5es publicadas neste site. Prestamos muita aten\u00e7\u00e3o ao conte\u00fado, design e manuten\u00e7\u00e3o do nosso site e verificamos regularmente se as informa\u00e7\u00f5es s\u00e3o precisas, atualizadas e completas. Sempre que poss\u00edvel, verificamos a confiabilidade das informa\u00e7\u00f5es que recebemos de fontes externas.<\/span>\t\t\t\t<\/div>\n\n\t\t\t\t\t\t\t<\/div>\n\t\t[\/vc_column][\/vc_row][\/vc_section][vc_section css=\u00bb.vc_custom_1631288476668{margin-top: 0px !important;margin-right: 0px !important;margin-bottom: 8vh !important;margin-left: 0px !important;padding-top: 0px !important;padding-right: 0px !important;padding-bottom: 0px !important;padding-left: 0px !important;}\u00bb mobile_bg_img_hidden=\u00bbno\u00bb tablet_bg_img_hidden=\u00bbno\u00bb woodmart_parallax=\u00bb0&#8243; woodmart_gradient_switch=\u00bbno\u00bb woodmart_disable_overflow=\u00bb0&#8243; el_id=\u00bborganizacion\u00bb][vc_row mobile_bg_img_hidden=\u00bbno\u00bb tablet_bg_img_hidden=\u00bbno\u00bb woodmart_parallax=\u00bb0&#8243; woodmart_gradient_switch=\u00bbno\u00bb row_reverse_mobile=\u00bb0&#8243; row_reverse_tablet=\u00bb0&#8243; woodmart_disable_overflow=\u00bb0&#8243; css=\u00bb.vc_custom_1607689557676{margin-top: 0px !important;margin-bottom: 0px !important;padding-top: 0px !important;padding-bottom: 0px !important;}\u00bb][vc_column][vc_tta_accordion style=\u00bbflat\u00bb shape=\u00bbsquare\u00bb color=\u00bbwhite\u00bb c_position=\u00bbright\u00bb active_section=\u00bb99&#8243; collapsible_all=\u00bbtrue\u00bb][vc_tta_section title=\u00bbPRIVACIDADE E DADOS PESSOAIS\u00bb tab_id=\u00bbprivacidad-y-datos-personales\u00bb][vc_column_text text_larger=\u00bbno\u00bb el_class=\u00bbbodytext\u00bb]<span style=\"color: #000000;\"><span style=\"font-weight: 400;\">A Solidaridad \u00e9 respons\u00e1vel por cumprir os requisitos legais relativos aos dados pessoais. Acreditamos que \u00e9 fundamental que os dados pessoais dos nossos parceiros e doadores sejam tratados e protegidos com o m\u00e1ximo cuidado. O mais importante \u00e9 que cumpramos sempre os requisitos estabelecidos pelo Regulamento Geral de Prote\u00e7\u00e3o de Dados e pela Lei Geral de Prote\u00e7\u00e3o de Dados Pessoais (Lei n. 13.709, de 14 de agosto de 2018)<\/span><span style=\"font-weight: 400;\">.<\/span><\/span>[\/vc_column_text][\/vc_tta_section][vc_tta_section title=\u00bbCOOKIES\u00bb tab_id=\u00bbcookies\u00bb][vc_column_text text_larger=\u00bbno\u00bb el_class=\u00bbbodytext\u00bb]<span style=\"font-weight: 400; color: #000000;\">A Funda\u00e7\u00e3o Solidaridad usa cookies em seus sites. Um cookie \u00e9 um pequeno arquivo embutido nas p\u00e1ginas do site que \u00e9 enviado a voc\u00ea atrav\u00e9s do seu navegador e armazenado no seu computador. Alguns de nossos sites utilizam esses cookies para facilitar o login. Os cookies salvar\u00e3o suas configura\u00e7\u00f5es e prefer\u00eancias. Voc\u00ea pode desativar os cookies em seu navegador, mas isso pode afetar a funcionalidade dos sites da Solidaridad.<\/span><\/p>\n<p><span style=\"font-weight: 400; color: #000000;\">Voc\u00ea tem o direito de solicitar uma revis\u00e3o completa, corre\u00e7\u00e3o ou exclus\u00e3o de suas informa\u00e7\u00f5es de nossos arquivos. Para fazer isso, envie uma solicita\u00e7\u00e3o por escrito atrav\u00e9s da nossa se\u00e7\u00e3o de contato. Para evitar abuso ou fraude, podemos pedir que voc\u00ea se identifique adequadamente. Se voc\u00ea solicitar uma revis\u00e3o de suas informa\u00e7\u00f5es, precisar\u00e1 nos enviar uma c\u00f3pia do cookie em quest\u00e3o. Voc\u00ea s\u00f3 pode excluir os arquivos de cookie de seu computador, pois eles s\u00e3o armazenados em sua m\u00e1quina. Por isso, recomendamos que verifique as instru\u00e7\u00f5es do seu navegador antes de fazer isso.<\/span><\/p>\n<p><span style=\"font-weight: 400; color: #000000;\">Os cookies nunca podem ser usados \u200b\u200bpara acessar informa\u00e7\u00f5es privadas em seu computador ou para rastrear senhas. Nem podem ser usados \u200b\u200bpara infectar um computador com um v\u00edrus (Cavalo de Tr\u00f3ia). Eles s\u00e3o totalmente seguros e t\u00eam sido o padr\u00e3o da ind\u00fastria para a maioria dos sites do mundo desde a d\u00e9cada de 1990.<\/span>[\/vc_column_text][\/vc_tta_section][vc_tta_section title=\u00bbDIREITOS DE AUTOR E DE PROPRIEDADE\u00bb tab_id=\u00bbderechos-de-autor\u00bb][vc_column_text text_larger=\u00bbno\u00bb el_class=\u00bbbodytext\u00bb]<span style=\"font-weight: 400; color: #000000;\">O usu\u00e1rio tem o direito de visualizar, baixar e reproduzir as informa\u00e7\u00f5es deste site para seu uso pessoal, de acordo com as disposi\u00e7\u00f5es da Lei Brasileira de Direitos Autorais e da Lei de Direitos Relacionados. Os textos protegidos por direitos autorais deste site n\u00e3o podem ser reproduzidos sem o consentimento formal da Funda\u00e7\u00e3o Solidaridad. Para qualquer d\u00favida sobre a reprodu\u00e7\u00e3o da informa\u00e7\u00e3o, entre em contato com a Solidaridad em brasil@solidaridadnetwork.org. A Solidaridad det\u00e9m todos os direitos de propriedade intelectual do site e das informa\u00e7\u00f5es nele dispon\u00edveis.<\/span>[\/vc_column_text][\/vc_tta_section][vc_tta_section title=\u00bbISEN\u00c7\u00c3O DE RESPONSABILIDADE\u00bb tab_id=\u00bbdescargo-de-responsabilidad\u00bb][vc_column_text text_larger=\u00bbno\u00bb el_class=\u00bbbodytext\u00bb]<span style=\"font-weight: 400; color: #000000;\">A despeito de toda a preocupa\u00e7\u00e3o com a qualidade, a Funda\u00e7\u00e3o Solidaridad n\u00e3o pode garantir que as informa\u00e7\u00f5es do seu site estejam sempre corretas ou completas. Por este motivo, n\u00e3o assumimos qualquer responsabilidade por poss\u00edveis imprecis\u00f5es e nenhum direito pode ser derivado da informa\u00e7\u00e3o oferecida em seu site. A Solidaridad reserva-se o direito de excluir ou fazer melhorias, altera\u00e7\u00f5es e acr\u00e9scimos \u00e0s informa\u00e7\u00f5es em seu site (incluindo hiperlinks) a qualquer momento.<\/span>[\/vc_column_text][\/vc_tta_section][vc_tta_section title=\u00bbIMPRECIS\u00d5ES\u00bb tab_id=\u00bbinexactitudes\u00bb][vc_column_text text_larger=\u00bbno\u00bb el_class=\u00bbbodytext\u00bb]<span style=\"color: #000000;\"><span style=\"font-weight: 400;\">A Funda\u00e7\u00e3o Solidaridad agradece ser notificada sobre quaisquer imprecis\u00f5es em seu site. Notifica\u00e7\u00f5es de imprecis\u00f5es, links quebrados ou sugest\u00f5es de melhorias podem ser enviadas para brasil@solidaridadlatam.org<\/span> <span style=\"font-weight: 400;\">. As informa\u00e7\u00f5es e sugest\u00f5es para melhorar o site ou notifica\u00e7\u00f5es recebidas pela Solidaridad de seu site ser\u00e3o consideradas n\u00e3o confidenciais e ser\u00e3o destinadas a serem usadas livremente, sem a necessidade de qualquer outro consentimento.<\/span><\/span>[\/vc_column_text][\/vc_tta_section][\/vc_tta_accordion][\/vc_column][\/vc_row][\/vc_section][vc_row][vc_column][vc_raw_html]JTNDYSUyMHJlbCUzRCUyMmxpY2Vuc2UlMjIlMjBocmVmJTNEJTIyaHR0cCUzQSUyRiUyRmNyZWF0aXZlY29tbW9ucy5vcmclMkZsaWNlbnNlcyUyRmJ5LW5jLW5kJTJGNC4wJTJGJTIyJTNFJTNDaW1nJTIwYWx0JTNEJTIyTGljZW5jaWElMjBDcmVhdGl2ZSUyMENvbW1vbnMlMjIlMjBzdHlsZSUzRCUyMmJvcmRlci13aWR0aCUzQTAlMjIlMjBzcmMlM0QlMjJodHRwcyUzQSUyRiUyRmkuY3JlYXRpdmVjb21tb25zLm9yZyUyRmwlMkZieS1uYy1uZCUyRjQuMCUyRjg4eDMxLnBuZyUyMiUyMCUyRiUzRSUzQyUyRmElM0UlM0NiciUyMCUyRiUzRUVzdGElMjBvYnJhJTIwZXN0JUMzJUExJTIwYmFqbyUyMHVuYSUyMCUzQ2ElMjByZWwlM0QlMjJsaWNlbnNlJTIyJTIwaHJlZiUzRCUyMmh0dHAlM0ElMkYlMkZjcmVhdGl2ZWNvbW1vbnMub3JnJTJGbGljZW5zZXMlMkZieS1uYy1uZCUyRjQuMCUyRiUyMiUzRUVzdGUlMjBzaXRlJTIwZXN0JUMzJUExJTIwc29iJTIwdW1hJTIwbGljZW4lQzMlQTdhJTIwQ3JlYXRpdmUlMjBDb21tb25zJTIwQXRyaWJ1aSVDMyVBNyVDMyVBM28tTiVDMyVBM28lMjBDb21lcmNpYWwtU2VtJTIwRGVyaXZhJUMzJUE3JUMzJUI1ZXMlMjA0LjAlMjBJbnRlcm5hY2lvbmFsLiUzQyUyRmElM0Uu[\/vc_raw_html][\/vc_column][\/vc_row]<\/p>\n<\/div>","protected":false},"excerpt":{"rendered":"<p>[vc_section css=\u00bb.vc_custom_1631288489664{margin-top: 0px !important;margin-right: 0px !important;margin-bottom: 0px !important;margin-left: 0px !important;padding-top: 1px !important;padding-bottom: 20px !important;}\u00bb mobile_bg_img_hidden=\u00bbno\u00bb tablet_bg_img_hidden=\u00bbno\u00bb woodmart_parallax=\u00bb0&#8243; woodmart_gradient_switch=\u00bbno\u00bb woodmart_disable_overflow=\u00bb0&#8243; el_id=\u00bbtrayectoria\u00bb][vc_row][vc_column<\/p>\n","protected":false},"author":4,"featured_media":0,"parent":0,"menu_order":0,"comment_status":"closed","ping_status":"closed","template":"","meta":{"footnotes":""},"pagina_programas":[],"class_list":["post-9408","page","type-page","status-publish","hentry"],"yoast_head":"<!-- This site is optimized with the Yoast SEO plugin v25.4 - https:\/\/yoast.com\/wordpress\/plugins\/seo\/ -->\n<title>POL\u00cdTICA DE PRIVACIDADE - Solidaridad Southamerica<\/title>\n<meta name=\"robots\" content=\"index, follow, max-snippet:-1, max-image-preview:large, max-video-preview:-1\" \/>\n<link rel=\"canonical\" href=\"https:\/\/solidaridadlatam.org\/brasil\/politica-de-privacidad\/\" \/>\n<meta property=\"og:locale\" content=\"es_ES\" \/>\n<meta property=\"og:type\" content=\"article\" \/>\n<meta property=\"og:title\" content=\"POL\u00cdTICA DE PRIVACIDADE - Solidaridad Southamerica\" \/>\n<meta property=\"og:description\" content=\"[vc_section css=\u00bb.vc_custom_1631288489664{margin-top: 0px !important;margin-right: 0px !important;margin-bottom: 0px !important;margin-left: 0px !important;padding-top: 1px !important;padding-bottom: 20px !important;}\u00bb mobile_bg_img_hidden=\u00bbno\u00bb tablet_bg_img_hidden=\u00bbno\u00bb woodmart_parallax=\u00bb0&#8243; woodmart_gradient_switch=\u00bbno\u00bb woodmart_disable_overflow=\u00bb0&#8243; el_id=\u00bbtrayectoria\u00bb][vc_row][vc_column\" \/>\n<meta property=\"og:url\" content=\"https:\/\/solidaridadlatam.org\/brasil\/politica-de-privacidad\/\" \/>\n<meta property=\"og:site_name\" content=\"Solidaridad Southamerica\" \/>\n<meta property=\"article:modified_time\" content=\"2022-03-03T12:54:10+00:00\" \/>\n<meta name=\"twitter:card\" content=\"summary_large_image\" \/>\n<meta name=\"twitter:label1\" content=\"Tiempo de lectura\" \/>\n\t<meta name=\"twitter:data1\" content=\"5 minutos\" \/>\n<script type=\"application\/ld+json\" class=\"yoast-schema-graph\">{\"@context\":\"https:\/\/schema.org\",\"@graph\":[{\"@type\":\"WebPage\",\"@id\":\"https:\/\/solidaridadlatam.org\/brasil\/politica-de-privacidad\/\",\"url\":\"https:\/\/solidaridadlatam.org\/brasil\/politica-de-privacidad\/\",\"name\":\"POL\u00cdTICA DE PRIVACIDADE - Solidaridad Southamerica\",\"isPartOf\":{\"@id\":\"https:\/\/solidaridadlatam.org\/brasil\/#website\"},\"datePublished\":\"2021-12-03T15:24:22+00:00\",\"dateModified\":\"2022-03-03T12:54:10+00:00\",\"breadcrumb\":{\"@id\":\"https:\/\/solidaridadlatam.org\/brasil\/politica-de-privacidad\/#breadcrumb\"},\"inLanguage\":\"es\",\"potentialAction\":[{\"@type\":\"ReadAction\",\"target\":[\"https:\/\/solidaridadlatam.org\/brasil\/politica-de-privacidad\/\"]}]},{\"@type\":\"BreadcrumbList\",\"@id\":\"https:\/\/solidaridadlatam.org\/brasil\/politica-de-privacidad\/#breadcrumb\",\"itemListElement\":[{\"@type\":\"ListItem\",\"position\":1,\"name\":\"Portada\",\"item\":\"https:\/\/solidaridadlatam.org\/brasil\/\"},{\"@type\":\"ListItem\",\"position\":2,\"name\":\"POL\u00cdTICA DE PRIVACIDADE\"}]},{\"@type\":\"WebSite\",\"@id\":\"https:\/\/solidaridadlatam.org\/brasil\/#website\",\"url\":\"https:\/\/solidaridadlatam.org\/brasil\/\",\"name\":\"Solidaridad Southamerica\",\"description\":\"Organizaci\u00f3n Internacional sin fines de lucro con 50 a\u00f1os de experiencia a nivel global en desarrollo de mercados sostenibles e inclusivos\",\"potentialAction\":[{\"@type\":\"SearchAction\",\"target\":{\"@type\":\"EntryPoint\",\"urlTemplate\":\"https:\/\/solidaridadlatam.org\/brasil\/?s={search_term_string}\"},\"query-input\":{\"@type\":\"PropertyValueSpecification\",\"valueRequired\":true,\"valueName\":\"search_term_string\"}}],\"inLanguage\":\"es\"}]}<\/script>\n<!-- \/ Yoast SEO plugin. -->","yoast_head_json":{"title":"POL\u00cdTICA DE PRIVACIDADE - Solidaridad Southamerica","robots":{"index":"index","follow":"follow","max-snippet":"max-snippet:-1","max-image-preview":"max-image-preview:large","max-video-preview":"max-video-preview:-1"},"canonical":"https:\/\/solidaridadlatam.org\/brasil\/politica-de-privacidad\/","og_locale":"es_ES","og_type":"article","og_title":"POL\u00cdTICA DE PRIVACIDADE - Solidaridad Southamerica","og_description":"[vc_section css=\u00bb.vc_custom_1631288489664{margin-top: 0px !important;margin-right: 0px !important;margin-bottom: 0px !important;margin-left: 0px !important;padding-top: 1px !important;padding-bottom: 20px !important;}\u00bb mobile_bg_img_hidden=\u00bbno\u00bb tablet_bg_img_hidden=\u00bbno\u00bb woodmart_parallax=\u00bb0&#8243; woodmart_gradient_switch=\u00bbno\u00bb woodmart_disable_overflow=\u00bb0&#8243; el_id=\u00bbtrayectoria\u00bb][vc_row][vc_column","og_url":"https:\/\/solidaridadlatam.org\/brasil\/politica-de-privacidad\/","og_site_name":"Solidaridad Southamerica","article_modified_time":"2022-03-03T12:54:10+00:00","twitter_card":"summary_large_image","twitter_misc":{"Tiempo de lectura":"5 minutos"},"schema":{"@context":"https:\/\/schema.org","@graph":[{"@type":"WebPage","@id":"https:\/\/solidaridadlatam.org\/brasil\/politica-de-privacidad\/","url":"https:\/\/solidaridadlatam.org\/brasil\/politica-de-privacidad\/","name":"POL\u00cdTICA DE PRIVACIDADE - Solidaridad Southamerica","isPartOf":{"@id":"https:\/\/solidaridadlatam.org\/brasil\/#website"},"datePublished":"2021-12-03T15:24:22+00:00","dateModified":"2022-03-03T12:54:10+00:00","breadcrumb":{"@id":"https:\/\/solidaridadlatam.org\/brasil\/politica-de-privacidad\/#breadcrumb"},"inLanguage":"es","potentialAction":[{"@type":"ReadAction","target":["https:\/\/solidaridadlatam.org\/brasil\/politica-de-privacidad\/"]}]},{"@type":"BreadcrumbList","@id":"https:\/\/solidaridadlatam.org\/brasil\/politica-de-privacidad\/#breadcrumb","itemListElement":[{"@type":"ListItem","position":1,"name":"Portada","item":"https:\/\/solidaridadlatam.org\/brasil\/"},{"@type":"ListItem","position":2,"name":"POL\u00cdTICA DE PRIVACIDADE"}]},{"@type":"WebSite","@id":"https:\/\/solidaridadlatam.org\/brasil\/#website","url":"https:\/\/solidaridadlatam.org\/brasil\/","name":"Solidaridad Southamerica","description":"Organizaci\u00f3n Internacional sin fines de lucro con 50 a\u00f1os de experiencia a nivel global en desarrollo de mercados sostenibles e inclusivos","potentialAction":[{"@type":"SearchAction","target":{"@type":"EntryPoint","urlTemplate":"https:\/\/solidaridadlatam.org\/brasil\/?s={search_term_string}"},"query-input":{"@type":"PropertyValueSpecification","valueRequired":true,"valueName":"search_term_string"}}],"inLanguage":"es"}]}},"_links":{"self":[{"href":"https:\/\/solidaridadlatam.org\/brasil\/wp-json\/wp\/v2\/pages\/9408","targetHints":{"allow":["GET"]}}],"collection":[{"href":"https:\/\/solidaridadlatam.org\/brasil\/wp-json\/wp\/v2\/pages"}],"about":[{"href":"https:\/\/solidaridadlatam.org\/brasil\/wp-json\/wp\/v2\/types\/page"}],"author":[{"embeddable":true,"href":"https:\/\/solidaridadlatam.org\/brasil\/wp-json\/wp\/v2\/users\/4"}],"replies":[{"embeddable":true,"href":"https:\/\/solidaridadlatam.org\/brasil\/wp-json\/wp\/v2\/comments?post=9408"}],"version-history":[{"count":0,"href":"https:\/\/solidaridadlatam.org\/brasil\/wp-json\/wp\/v2\/pages\/9408\/revisions"}],"wp:attachment":[{"href":"https:\/\/solidaridadlatam.org\/brasil\/wp-json\/wp\/v2\/media?parent=9408"}],"wp:term":[{"taxonomy":"pagina_programas","embeddable":true,"href":"https:\/\/solidaridadlatam.org\/brasil\/wp-json\/wp\/v2\/pagina_programas?post=9408"}],"curies":[{"name":"wp","href":"https:\/\/api.w.org\/{rel}","templated":true}]}}