{"id":8816,"date":"2021-11-10T14:14:07","date_gmt":"2021-11-10T14:14:07","guid":{"rendered":"https:\/\/desarrollo.solidaridadlatam.org\/?page_id=8816"},"modified":"2024-01-18T15:06:15","modified_gmt":"2024-01-18T18:06:15","slug":"extension-solution","status":"publish","type":"page","link":"https:\/\/solidaridadlatam.org\/brasil\/extension-solution\/","title":{"rendered":"Extension Solution"},"content":{"rendered":"<div class=\"wpb-content-wrapper\"><p>[vc_row][vc_column][vc_custom_heading text=\u00bbEXTENSION SOLUTION\u00bb font_container=\u00bbtag:h2|text_align:center\u00bb][vc_empty_space woodmart_hide_large=\u00bb0&#8243; woodmart_hide_medium=\u00bb0&#8243; woodmart_hide_small=\u00bb0&#8243; woodmart_hide_extra_small=\u00bb0&#8243;][vc_single_image image=\u00bb9850&#8243; alignment=\u00bbcenter\u00bb parallax_scroll=\u00bbno\u00bb][\/vc_column][\/vc_row][vc_row][vc_column]\t\t\t<link rel=\"stylesheet\" id=\"wd-responsive-text-css\" href=\"https:\/\/solidaridadlatam.org\/brasil\/wp-content\/themes\/woodmart\/css\/parts\/el-responsive-text.min.css?ver=7.4.3\" type=\"text\/css\" media=\"all\" \/> \t\t\t\t\t\t<div id=\"wd-64d66d35e8e2c\" class=\"wd-text-block-wrapper wd-wpb wd-rs-64d66d35e8e2c color-scheme- text-left \">\n\t\t\t\t<div class=\"woodmart-title-container woodmart-text-block reset-last-child font-text wd-font-weight- wd-fontsize-xl\">\n\t\t\t\t\t<span style=\"font-weight: 400;\">A <b>Extension Solution<\/b> permite o monitoramento em tempo real das atividades de campo para aumentar a efici\u00eancia das estret\u00e9gias de assist\u00eancia t\u00e9cnica. Ao mesmo tempo, coleta dados e informa\u00e7\u00f5es para gerar intelig\u00eancia de neg\u00f3cios. Tudo isso com precis\u00e3o e confiabilidade.<\/span>\t\t\t\t<\/div>\n\n\t\t\t\t\t\t\t<\/div>\n\t\t[vc_empty_space woodmart_hide_large=\u00bb0&#8243; woodmart_hide_medium=\u00bb0&#8243; woodmart_hide_small=\u00bb0&#8243; woodmart_hide_extra_small=\u00bb0&#8243;][\/vc_column][\/vc_row][vc_row][vc_column][vc_custom_heading text=\u00bbO trabalho de campo torna-se muito f\u00e1cil e produtivo\u00bb font_container=\u00bbtag:h5|text_align:center\u00bb][vc_empty_space woodmart_hide_large=\u00bb0&#8243; woodmart_hide_medium=\u00bb0&#8243; woodmart_hide_small=\u00bb0&#8243; woodmart_hide_extra_small=\u00bb0&#8243;][vc_row_inner][vc_column_inner width=\u00bb1\/4&#8243;][vc_custom_heading text=\u00bbCARTEIRA<br \/>\nDE PRODUTORES\u00bb font_container=\u00bbtag:h6|text_align:center\u00bb][vc_single_image image=\u00bb9852&#8243; img_size=\u00bblarge\u00bb alignment=\u00bbcenter\u00bb parallax_scroll=\u00bbno\u00bb][\/vc_column_inner][vc_column_inner width=\u00bb1\/4&#8243;][vc_custom_heading text=\u00bbDIAGN\u00d3STICO<br \/>\nDA PRODU\u00c7\u00c3O\u00bb font_container=\u00bbtag:h6|text_align:center\u00bb][vc_single_image image=\u00bb9853&#8243; img_size=\u00bblarge\u00bb alignment=\u00bbcenter\u00bb parallax_scroll=\u00bbno\u00bb][\/vc_column_inner][vc_column_inner width=\u00bb1\/4&#8243;][vc_custom_heading text=\u00bbREGISTRO<br \/>\nDE INTERA\u00c7\u00d5ES\u00bb font_container=\u00bbtag:h6|text_align:center\u00bb][vc_single_image image=\u00bb9854&#8243; img_size=\u00bblarge\u00bb alignment=\u00bbcenter\u00bb parallax_scroll=\u00bbno\u00bb][\/vc_column_inner][vc_column_inner width=\u00bb1\/4&#8243;][vc_custom_heading text=\u00bbAVAN\u00c7O<br \/>\nDOS PRODUTORES\u00bb font_container=\u00bbtag:h6|text_align:center\u00bb][vc_single_image image=\u00bb9855&#8243; img_size=\u00bblarge\u00bb alignment=\u00bbcenter\u00bb parallax_scroll=\u00bbno\u00bb][\/vc_column_inner][\/vc_row_inner][\/vc_column][\/vc_row][vc_row][vc_column][vc_empty_space woodmart_hide_large=\u00bb0&#8243; woodmart_hide_medium=\u00bb0&#8243; woodmart_hide_small=\u00bb0&#8243; woodmart_hide_extra_small=\u00bb0&#8243;][vc_images_carousel images=\u00bb4405,4406&#8243; img_size=\u00bbfull\u00bb][vc_empty_space woodmart_hide_large=\u00bb0&#8243; woodmart_hide_medium=\u00bb0&#8243; woodmart_hide_small=\u00bb0&#8243; woodmart_hide_extra_small=\u00bb0&#8243;][\/vc_column][\/vc_row][vc_row][vc_column][vc_custom_heading text=\u00bbOTIMIZAR O TEMPO DAS VISITAS\u00bb font_container=\u00bbtag:h3|text_align:center\u00bb]\t\t\t<div id=\"wd-64d66e42072d9\" class=\"wd-text-block-wrapper wd-wpb wd-rs-64d66e42072d9 color-scheme- text-center \">\n\t\t\t\t<div class=\"woodmart-title-container woodmart-text-block reset-last-child font-text wd-font-weight- wd-fontsize-l\">\n\t\t\t\t\tDesde a sua cria\u00e7\u00e3o o desenvolvimento da Extension Solution envolveu t\u00e9cnicos de diversos pa\u00edses e diferentes perfis. Isso garante funcionalidades intuitivas que atendem a um \u00fanico objetivo: facilitar a tarefa dos t\u00e9cnicos rurais e reduzir o tempo gasto com tarefas administrativas.\t\t\t\t<\/div>\n\n\t\t\t\t\t\t\t<\/div>\n\t\t[vc_row_inner][vc_column_inner width=\u00bb1\/2&#8243;][vc_single_image image=\u00bb9856&#8243; img_size=\u00bblarge\u00bb alignment=\u00bbcenter\u00bb parallax_scroll=\u00bbno\u00bb][\/vc_column_inner][vc_column_inner width=\u00bb1\/2&#8243;][vc_empty_space woodmart_hide_large=\u00bb0&#8243; woodmart_hide_medium=\u00bb0&#8243; woodmart_hide_small=\u00bb0&#8243; woodmart_hide_extra_small=\u00bb0&#8243;]\t\t\t<div id=\"wd-64d66ea19dd87\" class=\"wd-text-block-wrapper wd-wpb wd-rs-64d66ea19dd87 color-scheme- text-center  listitems\">\n\t\t\t\t<div class=\"woodmart-title-container woodmart-text-block reset-last-child font-text wd-font-weight- wd-fontsize-l\">\n\t\t\t\t\t<\/p>\n<ul>\n<li class=\"listitems\" style=\"font-weight: 400;\" aria-level=\"1\"><span style=\"font-weight: 400;\">Geolocaliza\u00e7\u00e3o<\/span><\/li>\n<li class=\"listitems\" style=\"font-weight: 400;\" aria-level=\"1\"><span style=\"font-weight: 400;\">Registro de dados online e offline<\/span><\/li>\n<li class=\"listitems\" style=\"font-weight: 400;\" aria-level=\"1\"><span style=\"font-weight: 400;\">Registro de evid\u00eancias<\/span><\/li>\n<li class=\"listitems\" style=\"font-weight: 400;\" aria-level=\"1\"><span style=\"font-weight: 400;\">Gest\u00e3o da carteira de produtores assessorados<\/span><\/li>\n<li class=\"listitems\" style=\"font-weight: 400;\" aria-level=\"1\"><span style=\"font-weight: 400;\">Gest\u00e3o das visitas e intera\u00e7\u00f5es (agenda\/calend\u00e1rio)<\/span><\/li>\n<\/ul>\n<p>\t\t\t\t<\/div>\n\n\t\t\t\t\t\t\t<\/div>\n\t\t[\/vc_column_inner][\/vc_row_inner][vc_row_inner][vc_column_inner width=\u00bb1\/2&#8243;][\/vc_column_inner][vc_column_inner width=\u00bb1\/2&#8243;]\t\t\t<div id=\"wd-64d66ef9c51ee\" class=\"wd-text-block-wrapper wd-wpb wd-rs-64d66ef9c51ee color-scheme- text-center \">\n\t\t\t\t<div class=\"woodmart-title-container woodmart-text-block reset-last-child font-text wd-font-weight- wd-fontsize-m\">\n\t\t\t\t\t<span style=\"font-weight: 400;\">Dispon\u00edvel somente para usu\u00e1rios registrados<\/span>\t\t\t\t<\/div>\n\n\t\t\t\t\t\t\t<\/div>\n\t\t[\/vc_column_inner][\/vc_row_inner][vc_row_inner][vc_column_inner width=\u00bb2\/4&#8243;]<div id=\"wd-65a9688ce8f5c\" class=\" wd-rs-65a9688ce8f5c  wd-button-wrapper text-center\"><a href=\"https:\/\/solidaridadlatam.org\/brasil\/extension-solution\/manuais-extension-solution\/\" title=\"Manuais: Extension Solution\" class=\"btn btn-scheme-dark btn-scheme-hover-light btn-style-default btn-style-rectangle btn-size-large btn-icon-pos-right\">Ver manuais dispon\u00edveis<span class=\"wd-btn-icon\"><span class=\"wd-icon typcn typcn-arrow-right\"><\/span><\/span><\/a><\/div>[\/vc_column_inner][vc_column_inner width=\u00bb1\/4&#8243;][vc_single_image image=\u00bb9857&#8243; alignment=\u00bbcenter\u00bb parallax_scroll=\u00bbno\u00bb][\/vc_column_inner][vc_column_inner width=\u00bb1\/4&#8243;][vc_single_image image=\u00bb9858&#8243; parallax_scroll=\u00bbno\u00bb][\/vc_column_inner][\/vc_row_inner][\/vc_column][\/vc_row][vc_row full_width=\u00bbstretch_row\u00bb css=\u00bb.vc_custom_1607393257251{background-color: #d9d9c3 !important;background-position: center !important;background-repeat: no-repeat !important;background-size: cover !important;}\u00bb mobile_bg_img_hidden=\u00bbno\u00bb tablet_bg_img_hidden=\u00bbno\u00bb woodmart_parallax=\u00bb0&#8243; woodmart_gradient_switch=\u00bbno\u00bb row_reverse_mobile=\u00bb0&#8243; row_reverse_tablet=\u00bb0&#8243; woodmart_disable_overflow=\u00bb0&#8243;][vc_column][vc_row_inner][vc_column_inner][vc_empty_space height=\u00bb15px\u00bb woodmart_hide_large=\u00bb0&#8243; woodmart_hide_medium=\u00bb0&#8243; woodmart_hide_small=\u00bb0&#8243; woodmart_hide_extra_small=\u00bb0&#8243;][vc_custom_heading text=\u00bbFICOU INTERESSADO? Entre em contato\u00bb font_container=\u00bbtag:h4|text_align:center\u00bb]\t\t\t<div id=\"wd-64d66f3a26276\" class=\"wd-text-block-wrapper wd-wpb wd-rs-64d66f3a26276 color-scheme-dark text-center wd-width-enabled \" style=\"--wd-max-width: 70%;\">\n\t\t\t\t<div class=\"woodmart-title-container woodmart-text-block reset-last-child font-text wd-font-weight-400 wd-fontsize-m\">\n\t\t\t\t\t<\/p>\n<p style=\"text-align: left;\"><span style=\"font-weight: 400;\">Se voc\u00ea est\u00e1 interessado em conhecer nossas Solu\u00e7\u00f5es Digitais, como elas podem otimizar seu projeto ou programa de suporte ao produtor e a gest\u00e3o de sua cadeia de suprimentos, envie-nos um e-mail para:<\/span><\/p>\n<p style=\"text-align: left;\"><strong><a href=\"mailto:digital.solutions@solidaridadnetwork.org\">digital.solutions@solidaridadnetwork.org<\/a><\/strong><\/p>\n<p>\t\t\t\t<\/div>\n\n\t\t\t\t\t\t\t<\/div>\n\t\t[vc_empty_space height=\u00bb15px\u00bb woodmart_hide_large=\u00bb0&#8243; woodmart_hide_medium=\u00bb0&#8243; woodmart_hide_small=\u00bb0&#8243; woodmart_hide_extra_small=\u00bb0&#8243;][\/vc_column_inner][\/vc_row_inner][vc_row_inner][vc_column_inner][vc_video link=\u00bbhttps:\/\/youtu.be\/coZ-HFIdhz4&#8243; el_width=\u00bb70&#8243; align=\u00bbcenter\u00bb image_poster_switch=\u00bbno\u00bb][\/vc_column_inner][\/vc_row_inner][\/vc_column][\/vc_row][vc_row][vc_column][vc_custom_heading text=\u00bbPARCEIROS\u00bb font_container=\u00bbtag:h3|text_align:center\u00bb][vc_empty_space woodmart_hide_large=\u00bb0&#8243; woodmart_hide_medium=\u00bb0&#8243; woodmart_hide_small=\u00bb0&#8243; woodmart_hide_extra_small=\u00bb0&#8243;][vc_row_inner][vc_column_inner width=\u00bb1\/3&#8243;][vc_single_image image=\u00bb4418&#8243; alignment=\u00bbcenter\u00bb parallax_scroll=\u00bbno\u00bb][\/vc_column_inner][vc_column_inner width=\u00bb1\/3&#8243;][vc_single_image image=\u00bb4416&#8243; alignment=\u00bbcenter\u00bb parallax_scroll=\u00bbno\u00bb][\/vc_column_inner][vc_column_inner width=\u00bb1\/3&#8243;][vc_single_image image=\u00bb4419&#8243; alignment=\u00bbcenter\u00bb parallax_scroll=\u00bbno\u00bb][\/vc_column_inner][\/vc_row_inner][\/vc_column][\/vc_row]<\/p>\n<\/div>","protected":false},"excerpt":{"rendered":"<p>[vc_row][vc_column][vc_custom_heading text=\u00bbEXTENSION SOLUTION\u00bb font_container=\u00bbtag:h2|text_align:center\u00bb][vc_empty_space woodmart_hide_large=\u00bb0&#8243; woodmart_hide_medium=\u00bb0&#8243; woodmart_hide_small=\u00bb0&#8243; woodmart_hide_extra_small=\u00bb0&#8243;][vc_single_image image=\u00bb9850&#8243; alignment=\u00bbcenter\u00bb parallax_scroll=\u00bbno\u00bb][\/vc_column][\/vc_row][vc_row][vc_column][vc_empty_space woodmart_hide_large=\u00bb0&#8243; woodmart_hide_medium=\u00bb0&#8243; woodmart_hide_small=\u00bb0&#8243; woodmart_hide_extra_small=\u00bb0&#8243;][\/vc_column][\/vc_row][vc_row][vc_column][vc_custom_heading text=\u00bbO trabalho de campo torna-se<\/p>\n","protected":false},"author":4,"featured_media":0,"parent":0,"menu_order":0,"comment_status":"closed","ping_status":"closed","template":"","meta":{"footnotes":""},"pagina_programas":[],"class_list":["post-8816","page","type-page","status-publish","hentry"],"yoast_head":"<!-- This site is optimized with the Yoast SEO plugin v25.4 - https:\/\/yoast.com\/wordpress\/plugins\/seo\/ -->\n<title>Extension Solution - Solidaridad Southamerica<\/title>\n<meta name=\"robots\" content=\"index, follow, max-snippet:-1, max-image-preview:large, max-video-preview:-1\" \/>\n<link rel=\"canonical\" href=\"https:\/\/solidaridadlatam.org\/brasil\/extension-solution\/\" \/>\n<meta property=\"og:locale\" content=\"es_ES\" \/>\n<meta property=\"og:type\" content=\"article\" \/>\n<meta property=\"og:title\" content=\"Extension Solution - Solidaridad Southamerica\" \/>\n<meta property=\"og:description\" content=\"[vc_row][vc_column][vc_custom_heading text=\u00bbEXTENSION SOLUTION\u00bb font_container=\u00bbtag:h2|text_align:center\u00bb][vc_empty_space woodmart_hide_large=\u00bb0&#8243; woodmart_hide_medium=\u00bb0&#8243; woodmart_hide_small=\u00bb0&#8243; woodmart_hide_extra_small=\u00bb0&#8243;][vc_single_image image=\u00bb9850&#8243; alignment=\u00bbcenter\u00bb parallax_scroll=\u00bbno\u00bb][\/vc_column][\/vc_row][vc_row][vc_column][vc_empty_space woodmart_hide_large=\u00bb0&#8243; woodmart_hide_medium=\u00bb0&#8243; woodmart_hide_small=\u00bb0&#8243; woodmart_hide_extra_small=\u00bb0&#8243;][\/vc_column][\/vc_row][vc_row][vc_column][vc_custom_heading text=\u00bbO trabalho de campo torna-se\" \/>\n<meta property=\"og:url\" content=\"https:\/\/solidaridadlatam.org\/brasil\/extension-solution\/\" \/>\n<meta property=\"og:site_name\" content=\"Solidaridad Southamerica\" \/>\n<meta property=\"article:modified_time\" content=\"2024-01-18T18:06:15+00:00\" \/>\n<meta name=\"twitter:card\" content=\"summary_large_image\" \/>\n<meta name=\"twitter:label1\" content=\"Tiempo de lectura\" \/>\n\t<meta name=\"twitter:data1\" content=\"5 minutos\" \/>\n<script type=\"application\/ld+json\" class=\"yoast-schema-graph\">{\"@context\":\"https:\/\/schema.org\",\"@graph\":[{\"@type\":\"WebPage\",\"@id\":\"https:\/\/solidaridadlatam.org\/brasil\/extension-solution\/\",\"url\":\"https:\/\/solidaridadlatam.org\/brasil\/extension-solution\/\",\"name\":\"Extension Solution - Solidaridad Southamerica\",\"isPartOf\":{\"@id\":\"https:\/\/solidaridadlatam.org\/brasil\/#website\"},\"datePublished\":\"2021-11-10T14:14:07+00:00\",\"dateModified\":\"2024-01-18T18:06:15+00:00\",\"breadcrumb\":{\"@id\":\"https:\/\/solidaridadlatam.org\/brasil\/extension-solution\/#breadcrumb\"},\"inLanguage\":\"es\",\"potentialAction\":[{\"@type\":\"ReadAction\",\"target\":[\"https:\/\/solidaridadlatam.org\/brasil\/extension-solution\/\"]}]},{\"@type\":\"BreadcrumbList\",\"@id\":\"https:\/\/solidaridadlatam.org\/brasil\/extension-solution\/#breadcrumb\",\"itemListElement\":[{\"@type\":\"ListItem\",\"position\":1,\"name\":\"Portada\",\"item\":\"https:\/\/solidaridadlatam.org\/brasil\/\"},{\"@type\":\"ListItem\",\"position\":2,\"name\":\"Extension Solution\"}]},{\"@type\":\"WebSite\",\"@id\":\"https:\/\/solidaridadlatam.org\/brasil\/#website\",\"url\":\"https:\/\/solidaridadlatam.org\/brasil\/\",\"name\":\"Solidaridad Southamerica\",\"description\":\"Organizaci\u00f3n Internacional sin fines de lucro con 50 a\u00f1os de experiencia a nivel global en desarrollo de mercados sostenibles e inclusivos\",\"potentialAction\":[{\"@type\":\"SearchAction\",\"target\":{\"@type\":\"EntryPoint\",\"urlTemplate\":\"https:\/\/solidaridadlatam.org\/brasil\/?s={search_term_string}\"},\"query-input\":{\"@type\":\"PropertyValueSpecification\",\"valueRequired\":true,\"valueName\":\"search_term_string\"}}],\"inLanguage\":\"es\"}]}<\/script>\n<!-- \/ Yoast SEO plugin. -->","yoast_head_json":{"title":"Extension Solution - Solidaridad Southamerica","robots":{"index":"index","follow":"follow","max-snippet":"max-snippet:-1","max-image-preview":"max-image-preview:large","max-video-preview":"max-video-preview:-1"},"canonical":"https:\/\/solidaridadlatam.org\/brasil\/extension-solution\/","og_locale":"es_ES","og_type":"article","og_title":"Extension Solution - Solidaridad Southamerica","og_description":"[vc_row][vc_column][vc_custom_heading text=\u00bbEXTENSION SOLUTION\u00bb font_container=\u00bbtag:h2|text_align:center\u00bb][vc_empty_space woodmart_hide_large=\u00bb0&#8243; woodmart_hide_medium=\u00bb0&#8243; woodmart_hide_small=\u00bb0&#8243; woodmart_hide_extra_small=\u00bb0&#8243;][vc_single_image image=\u00bb9850&#8243; alignment=\u00bbcenter\u00bb parallax_scroll=\u00bbno\u00bb][\/vc_column][\/vc_row][vc_row][vc_column][vc_empty_space woodmart_hide_large=\u00bb0&#8243; woodmart_hide_medium=\u00bb0&#8243; woodmart_hide_small=\u00bb0&#8243; woodmart_hide_extra_small=\u00bb0&#8243;][\/vc_column][\/vc_row][vc_row][vc_column][vc_custom_heading text=\u00bbO trabalho de campo torna-se","og_url":"https:\/\/solidaridadlatam.org\/brasil\/extension-solution\/","og_site_name":"Solidaridad Southamerica","article_modified_time":"2024-01-18T18:06:15+00:00","twitter_card":"summary_large_image","twitter_misc":{"Tiempo de lectura":"5 minutos"},"schema":{"@context":"https:\/\/schema.org","@graph":[{"@type":"WebPage","@id":"https:\/\/solidaridadlatam.org\/brasil\/extension-solution\/","url":"https:\/\/solidaridadlatam.org\/brasil\/extension-solution\/","name":"Extension Solution - Solidaridad Southamerica","isPartOf":{"@id":"https:\/\/solidaridadlatam.org\/brasil\/#website"},"datePublished":"2021-11-10T14:14:07+00:00","dateModified":"2024-01-18T18:06:15+00:00","breadcrumb":{"@id":"https:\/\/solidaridadlatam.org\/brasil\/extension-solution\/#breadcrumb"},"inLanguage":"es","potentialAction":[{"@type":"ReadAction","target":["https:\/\/solidaridadlatam.org\/brasil\/extension-solution\/"]}]},{"@type":"BreadcrumbList","@id":"https:\/\/solidaridadlatam.org\/brasil\/extension-solution\/#breadcrumb","itemListElement":[{"@type":"ListItem","position":1,"name":"Portada","item":"https:\/\/solidaridadlatam.org\/brasil\/"},{"@type":"ListItem","position":2,"name":"Extension Solution"}]},{"@type":"WebSite","@id":"https:\/\/solidaridadlatam.org\/brasil\/#website","url":"https:\/\/solidaridadlatam.org\/brasil\/","name":"Solidaridad Southamerica","description":"Organizaci\u00f3n Internacional sin fines de lucro con 50 a\u00f1os de experiencia a nivel global en desarrollo de mercados sostenibles e inclusivos","potentialAction":[{"@type":"SearchAction","target":{"@type":"EntryPoint","urlTemplate":"https:\/\/solidaridadlatam.org\/brasil\/?s={search_term_string}"},"query-input":{"@type":"PropertyValueSpecification","valueRequired":true,"valueName":"search_term_string"}}],"inLanguage":"es"}]}},"_links":{"self":[{"href":"https:\/\/solidaridadlatam.org\/brasil\/wp-json\/wp\/v2\/pages\/8816","targetHints":{"allow":["GET"]}}],"collection":[{"href":"https:\/\/solidaridadlatam.org\/brasil\/wp-json\/wp\/v2\/pages"}],"about":[{"href":"https:\/\/solidaridadlatam.org\/brasil\/wp-json\/wp\/v2\/types\/page"}],"author":[{"embeddable":true,"href":"https:\/\/solidaridadlatam.org\/brasil\/wp-json\/wp\/v2\/users\/4"}],"replies":[{"embeddable":true,"href":"https:\/\/solidaridadlatam.org\/brasil\/wp-json\/wp\/v2\/comments?post=8816"}],"version-history":[{"count":4,"href":"https:\/\/solidaridadlatam.org\/brasil\/wp-json\/wp\/v2\/pages\/8816\/revisions"}],"predecessor-version":[{"id":13789,"href":"https:\/\/solidaridadlatam.org\/brasil\/wp-json\/wp\/v2\/pages\/8816\/revisions\/13789"}],"wp:attachment":[{"href":"https:\/\/solidaridadlatam.org\/brasil\/wp-json\/wp\/v2\/media?parent=8816"}],"wp:term":[{"taxonomy":"pagina_programas","embeddable":true,"href":"https:\/\/solidaridadlatam.org\/brasil\/wp-json\/wp\/v2\/pagina_programas?post=8816"}],"curies":[{"name":"wp","href":"https:\/\/api.w.org\/{rel}","templated":true}]}}