{"id":11394,"date":"2023-12-20T10:48:53","date_gmt":"2023-12-20T13:48:53","guid":{"rendered":"https:\/\/solidaridadlatam.org\/brasil\/?page_id=11394"},"modified":"2023-12-20T14:48:40","modified_gmt":"2023-12-20T17:48:40","slug":"service-desk","status":"publish","type":"page","link":"https:\/\/solidaridadlatam.org\/brasil\/service-desk\/","title":{"rendered":"Service Desk"},"content":{"rendered":"<div class=\"wpb-content-wrapper\"><p>[vc_row][vc_column][vc_custom_heading text=\u00bbService Desk<br \/>\nSua central de ajuda para solu\u00e7\u00f5es digitais\u00bb font_container=\u00bbtag:h2|text_align:center\u00bb][vc_empty_space woodmart_hide_large=\u00bb0&#8243; woodmart_hide_medium=\u00bb0&#8243; woodmart_hide_small=\u00bb0&#8243; woodmart_hide_extra_small=\u00bb0&#8243;][vc_single_image image=\u00bb11560&#8243; img_size=\u00bbmedium\u00bb alignment=\u00bbcenter\u00bb parallax_scroll=\u00bbno\u00bb][\/vc_column][\/vc_row][vc_row gap=\u00bb20&#8243; mobile_bg_img_hidden=\u00bbno\u00bb tablet_bg_img_hidden=\u00bbno\u00bb woodmart_parallax=\u00bb0&#8243; woodmart_gradient_switch=\u00bbno\u00bb row_reverse_mobile=\u00bb0&#8243; row_reverse_tablet=\u00bb0&#8243; woodmart_disable_overflow=\u00bb0&#8243;][vc_column]\t\t\t<link rel=\"stylesheet\" id=\"wd-responsive-text-css\" href=\"https:\/\/solidaridadlatam.org\/brasil\/wp-content\/themes\/woodmart\/css\/parts\/el-responsive-text.min.css?ver=7.4.3\" type=\"text\/css\" media=\"all\" \/> \t\t\t\t\t\t<div id=\"wd-658328529a2c8\" class=\"wd-text-block-wrapper wd-wpb wd-rs-658328529a2c8 color-scheme- text-left \">\n\t\t\t\t<div class=\"woodmart-title-container woodmart-text-block reset-last-child font-text wd-font-weight- wd-fontsize-m\">\n\t\t\t\t\t<\/p>\n<p class=\"zfr3Q CDt4Ke \" dir=\"ltr\"><span class=\"C9DxTc \"><strong>Service desk<\/strong>\u00a0<\/span><span class=\"C9DxTc \">\u00e9 uma central de servi\u00e7os e um centro de comunica\u00e7\u00e3o onde os clientes podem encontrar ajuda de seus provedores de servi\u00e7os de TI. Essa ajuda pode assumir a forma de resolu\u00e7\u00e3o de incidentes ou atendimento de solicita\u00e7\u00e3o de servi\u00e7o, mas independentemente do tipo de ajuda fornecida, o objetivo de uma central de servi\u00e7os \u00e9 fornecer servi\u00e7os de alta qualidade aos clientes em tempo h\u00e1bil.<\/span><\/p>\n<p class=\"zfr3Q CDt4Ke \" dir=\"ltr\"><span class=\"C9DxTc \">Confira abaixo todos os manuais dispon\u00edveis para nosso atendimento Service Desk.<br \/>\n<\/span><span class=\"C9DxTc \">Caso n\u00e3o encontre solu\u00e7\u00e3o para sua d\u00favida ou problema, entre em contato com a gente via:<\/span><\/p>\n<p>\t\t\t\t<\/div>\n\n\t\t\t\t\t\t\t<\/div>\n\t\t[\/vc_column][\/vc_row][vc_row equal_height=\u00bbyes\u00bb content_placement=\u00bbmiddle\u00bb woodmart_parallax=\u00bb0&#8243; woodmart_gradient_switch=\u00bbno\u00bb row_reverse_mobile=\u00bb0&#8243; row_reverse_tablet=\u00bb0&#8243; woodmart_disable_overflow=\u00bb0&#8243; css=\u00bb.vc_custom_1538142357603{margin-bottom: 8vh !important;}\u00bb][vc_column width=\u00bb1\/3&#8243; css=\u00bb.vc_custom_1538141956707{padding-top: 0px !important;padding-right: 0px !important;padding-left: 0px !important;}\u00bb woodmart_parallax=\u00bb0&#8243; parallax_scroll=\u00bbno\u00bb woodmart_sticky_column=\u00bbfalse\u00bb][vc_single_image image=\u00bb11559&#8243; img_size=\u00bbfull\u00bb alignment=\u00bbcenter\u00bb css=\u00bb.vc_custom_1703094010736{margin-bottom: 0px !important;}\u00bb parallax_scroll=\u00bbno\u00bb][\/vc_column][vc_column width=\u00bb1\/3&#8243; css=\u00bb.vc_custom_1538141942351{padding-top: 0px !important;padding-right: 0px !important;padding-left: 0px !important;}\u00bb woodmart_parallax=\u00bb0&#8243; parallax_scroll=\u00bbno\u00bb woodmart_sticky_column=\u00bbfalse\u00bb]\t\t\t<link rel=\"stylesheet\" id=\"wd-info-box-css\" href=\"https:\/\/solidaridadlatam.org\/brasil\/wp-content\/themes\/woodmart\/css\/parts\/el-info-box.min.css?ver=7.4.3\" type=\"text\/css\" media=\"all\" \/> \t\t\t\t\t\t<div class=\"info-box-wrapper\">\n\t\t\t\t<div id=\"wd-6583213f87428\" class=\" wd-rs-6583213f87428 wd-info-box wd-wpb text-center box-icon-align-top box-style- color-scheme- wd-bg-none vc_custom_1703092555770\">\n\t\t\t\t\t\t\t\t\t\t\t<div class=\"box-icon-wrapper  box-with-icon box-icon-simple\">\n\t\t\t\t\t\t\t<div class=\"info-box-icon\">\n\n\t\t\t\t\t\t\t\n\t\t\t\t\t\t\t\t\t\t\t\t\t\t\t\t\t<div class=\"info-svg-wrapper info-icon\" style=\"width: 60px;height: 60px;\"><svg xmlns=\"http:\/\/www.w3.org\/2000\/svg\" id=\"svg-2081\" height=\"512\" viewBox=\"0 0 512 512\" width=\"512\"><path clip-rule=\"evenodd\" d=\"m256 512c-141.159 0-256-114.841-256-256s114.841-256 256-256 256 114.841 256 256-114.841 256-256 256zm132.758-166.069c3.156 0 5.725-2.568 5.725-5.725v-160.717l-130.25 103.432c-2.41 1.915-5.323 2.872-8.234 2.872s-5.823-.958-8.234-2.872l-130.249-103.432v160.717c0 3.157 2.569 5.725 5.725 5.725zm-19.96-179.862-112.798 89.575-112.799-89.575zm52.168 5.725v168.414c0 17.759-14.449 32.208-32.208 32.208h-265.517c-17.76 0-32.207-14.449-32.207-32.208v-168.414c0-17.759 14.448-32.207 32.207-32.207h265.517c17.759-.001 32.208 14.448 32.208 32.207z\" fill-rule=\"evenodd\"><\/path><\/svg> <\/div>\t\t\t\t\t\t\t\t\t\t\t\t\t\t\t\n\t\t\t\t\t\t\t<\/div>\n\t\t\t\t\t\t<\/div>\n\t\t\t\t\t\t\t\t\t\t<div class=\"info-box-content\">\n\t\t\t\t\t\t<h4 class=\"info-box-title title box-title-style-default wd-fontsize-m\">Email<\/h4>\t\t\t\t\t\t<div class=\"info-box-inner set-cont-mb-s reset-last-child\"><p><a href=\"mailto:service.desk@solidaridadnetwork.org\">service.desk@solidaridadnetwork.org<\/a><\/p>\n<\/div>\n\n\t\t\t\t\t\t\t\t\t\t\t<\/div>\n\n\t\t\t\t\t\n\t\t\t\t\t\t\t\t\t<\/div>\n\t\t\t<\/div>\n\t\t[\/vc_column][vc_column width=\u00bb1\/3&#8243; css=\u00bb.vc_custom_1538141952550{padding-top: 0px !important;padding-right: 0px !important;padding-left: 0px !important;}\u00bb woodmart_parallax=\u00bb0&#8243; parallax_scroll=\u00bbno\u00bb woodmart_sticky_column=\u00bbfalse\u00bb]\t\t\t<div class=\"info-box-wrapper\">\n\t\t\t\t<div id=\"wd-65832158cdff6\" class=\" wd-rs-65832158cdff6 wd-info-box wd-wpb text-center box-icon-align-top box-style- color-scheme- wd-bg-none vc_custom_1703092578489\">\n\t\t\t\t\t\t\t\t\t\t\t<div class=\"box-icon-wrapper  box-with-icon box-icon-simple\">\n\t\t\t\t\t\t\t<div class=\"info-box-icon\">\n\n\t\t\t\t\t\t\t\n\t\t\t\t\t\t\t\t\t\t\t\t\t\t\t\t\t<div class=\"info-svg-wrapper info-icon\" style=\"width: 60px;height: 60px;\"><svg xmlns=\"http:\/\/www.w3.org\/2000\/svg\" xmlns:xlink=\"http:\/\/www.w3.org\/1999\/xlink\" version=\"1.1\" id=\"svg-1047\" x=\"0px\" y=\"0px\" viewBox=\"0 0 512 512\" style=\"enable-background:new 0 0 512 512;\" xml:space=\"preserve\"> <g> <g> <path d=\"M256.064,0h-0.128C114.784,0,0,114.816,0,256c0,56,18.048,107.904,48.736,150.048l-31.904,95.104l98.4-31.456 C155.712,496.512,204,512,256.064,512C397.216,512,512,397.152,512,256S397.216,0,256.064,0z M405.024,361.504 c-6.176,17.44-30.688,31.904-50.24,36.128c-13.376,2.848-30.848,5.12-89.664-19.264C189.888,347.2,141.44,270.752,137.664,265.792 c-3.616-4.96-30.4-40.48-30.4-77.216s18.656-54.624,26.176-62.304c6.176-6.304,16.384-9.184,26.176-9.184 c3.168,0,6.016,0.16,8.576,0.288c7.52,0.32,11.296,0.768,16.256,12.64c6.176,14.88,21.216,51.616,23.008,55.392 c1.824,3.776,3.648,8.896,1.088,13.856c-2.4,5.12-4.512,7.392-8.288,11.744c-3.776,4.352-7.36,7.68-11.136,12.352 c-3.456,4.064-7.36,8.416-3.008,15.936c4.352,7.36,19.392,31.904,41.536,51.616c28.576,25.44,51.744,33.568,60.032,37.024 c6.176,2.56,13.536,1.952,18.048-2.848c5.728-6.176,12.8-16.416,20-26.496c5.12-7.232,11.584-8.128,18.368-5.568 c6.912,2.4,43.488,20.48,51.008,24.224c7.52,3.776,12.48,5.568,14.304,8.736C411.2,329.152,411.2,344.032,405.024,361.504z\"><\/path> <\/g> <\/g> <g> <\/g> <g> <\/g> <g> <\/g> <g> <\/g> <g> <\/g> <g> <\/g> <g> <\/g> <g> <\/g> <g> <\/g> <g> <\/g> <g> <\/g> <g> <\/g> <g> <\/g> <g> <\/g> <g> <\/g> <\/svg> <\/div>\t\t\t\t\t\t\t\t\t\t\t\t\t\t\t\n\t\t\t\t\t\t\t<\/div>\n\t\t\t\t\t\t<\/div>\n\t\t\t\t\t\t\t\t\t\t<div class=\"info-box-content\">\n\t\t\t\t\t\t<h4 class=\"info-box-title title box-title-style-default wd-fontsize-m\">WhatsApp<\/h4>\t\t\t\t\t\t<div class=\"info-box-inner set-cont-mb-s reset-last-child\"><p><a href=\"https:\/\/api.whatsapp.com\/send?phone=5511966487654\">11 9 6648-7654<\/a><\/p>\n<\/div>\n\n\t\t\t\t\t\t\t\t\t\t\t<\/div>\n\n\t\t\t\t\t\n\t\t\t\t\t\t\t\t\t<\/div>\n\t\t\t<\/div>\n\t\t[\/vc_column][\/vc_row][vc_row][vc_column][vc_separator][\/vc_column][\/vc_row][vc_row][vc_column][vc_column_text text_larger=\u00bbno\u00bb]<a href=\"https:\/\/solidaridadlatam.org\/brasil\/digital\/novo-chamado-sdk\"><span class=\"C9DxTc aw5Odc \">Como abrir um chamado via Service Desk?<\/span><\/a>[\/vc_column_text][vc_separator style=\u00bbdashed\u00bb][vc_column_text text_larger=\u00bbno\u00bb]<a href=\"https:\/\/solidaridadlatam.org\/brasil\/digital\/captura-android\/\">Como tirar print ou gravar a tela no Android?<\/a>[\/vc_column_text][vc_separator style=\u00bbdashed\u00bb][vc_column_text text_larger=\u00bbno\u00bb]<a href=\"https:\/\/solidaridadlatam.org\/brasil\/digital\/captura-de-tela-por-iphone\/\">Como tirar print ou gravar a tela no iPhone?<\/a>[\/vc_column_text][vc_separator style=\u00bbdashed\u00bb][vc_column_text text_larger=\u00bbno\u00bb]<a href=\"https:\/\/solidaridadlatam.org\/brasil\/digital\/dados-cache\/\">Dados presos em cache &#8211; O que fazer?<\/a>[\/vc_column_text][vc_separator style=\u00bbdashed\u00bb][vc_column_text text_larger=\u00bbno\u00bb]<a href=\"https:\/\/solidaridadlatam.org\/brasil\/digital\/sla\/\">O que \u00e9 SLA?<\/a>[\/vc_column_text][\/vc_column][\/vc_row][vc_row][vc_column][vc_empty_space woodmart_hide_large=\u00bb0&#8243; woodmart_hide_medium=\u00bb0&#8243; woodmart_hide_small=\u00bb0&#8243; woodmart_hide_extra_small=\u00bb0&#8243;][\/vc_column][\/vc_row]<\/p>\n<\/div>","protected":false},"excerpt":{"rendered":"<p>[vc_row][vc_column][vc_custom_heading text=\u00bbService Desk Sua central de ajuda para solu\u00e7\u00f5es digitais\u00bb font_container=\u00bbtag:h2|text_align:center\u00bb][vc_empty_space woodmart_hide_large=\u00bb0&#8243; woodmart_hide_medium=\u00bb0&#8243; woodmart_hide_small=\u00bb0&#8243; woodmart_hide_extra_small=\u00bb0&#8243;][vc_single_image image=\u00bb11560&#8243; img_size=\u00bbmedium\u00bb alignment=\u00bbcenter\u00bb parallax_scroll=\u00bbno\u00bb][\/vc_column][\/vc_row][vc_row gap=\u00bb20&#8243;<\/p>\n","protected":false},"author":18,"featured_media":0,"parent":0,"menu_order":0,"comment_status":"closed","ping_status":"closed","template":"","meta":{"footnotes":""},"pagina_programas":[],"class_list":["post-11394","page","type-page","status-publish","hentry"],"yoast_head":"<!-- This site is optimized with the Yoast SEO plugin v25.4 - https:\/\/yoast.com\/wordpress\/plugins\/seo\/ -->\n<title>Service Desk - Solidaridad Southamerica<\/title>\n<meta name=\"robots\" content=\"index, follow, max-snippet:-1, max-image-preview:large, max-video-preview:-1\" \/>\n<link rel=\"canonical\" href=\"https:\/\/solidaridadlatam.org\/brasil\/service-desk\/\" \/>\n<meta property=\"og:locale\" content=\"es_ES\" \/>\n<meta property=\"og:type\" content=\"article\" \/>\n<meta property=\"og:title\" content=\"Service Desk - Solidaridad Southamerica\" \/>\n<meta property=\"og:description\" content=\"[vc_row][vc_column][vc_custom_heading text=\u00bbService Desk Sua central de ajuda para solu\u00e7\u00f5es digitais\u00bb font_container=\u00bbtag:h2|text_align:center\u00bb][vc_empty_space woodmart_hide_large=\u00bb0&#8243; woodmart_hide_medium=\u00bb0&#8243; woodmart_hide_small=\u00bb0&#8243; woodmart_hide_extra_small=\u00bb0&#8243;][vc_single_image image=\u00bb11560&#8243; img_size=\u00bbmedium\u00bb alignment=\u00bbcenter\u00bb parallax_scroll=\u00bbno\u00bb][\/vc_column][\/vc_row][vc_row gap=\u00bb20&#8243;\" \/>\n<meta property=\"og:url\" content=\"https:\/\/solidaridadlatam.org\/brasil\/service-desk\/\" \/>\n<meta property=\"og:site_name\" content=\"Solidaridad Southamerica\" \/>\n<meta property=\"article:modified_time\" content=\"2023-12-20T17:48:40+00:00\" \/>\n<meta name=\"twitter:card\" content=\"summary_large_image\" \/>\n<meta name=\"twitter:label1\" content=\"Tiempo de lectura\" \/>\n\t<meta name=\"twitter:data1\" content=\"3 minutos\" \/>\n<script type=\"application\/ld+json\" class=\"yoast-schema-graph\">{\"@context\":\"https:\/\/schema.org\",\"@graph\":[{\"@type\":\"WebPage\",\"@id\":\"https:\/\/solidaridadlatam.org\/brasil\/service-desk\/\",\"url\":\"https:\/\/solidaridadlatam.org\/brasil\/service-desk\/\",\"name\":\"Service Desk - Solidaridad Southamerica\",\"isPartOf\":{\"@id\":\"https:\/\/solidaridadlatam.org\/brasil\/#website\"},\"datePublished\":\"2023-12-20T13:48:53+00:00\",\"dateModified\":\"2023-12-20T17:48:40+00:00\",\"breadcrumb\":{\"@id\":\"https:\/\/solidaridadlatam.org\/brasil\/service-desk\/#breadcrumb\"},\"inLanguage\":\"es\",\"potentialAction\":[{\"@type\":\"ReadAction\",\"target\":[\"https:\/\/solidaridadlatam.org\/brasil\/service-desk\/\"]}]},{\"@type\":\"BreadcrumbList\",\"@id\":\"https:\/\/solidaridadlatam.org\/brasil\/service-desk\/#breadcrumb\",\"itemListElement\":[{\"@type\":\"ListItem\",\"position\":1,\"name\":\"Portada\",\"item\":\"https:\/\/solidaridadlatam.org\/brasil\/\"},{\"@type\":\"ListItem\",\"position\":2,\"name\":\"Service Desk\"}]},{\"@type\":\"WebSite\",\"@id\":\"https:\/\/solidaridadlatam.org\/brasil\/#website\",\"url\":\"https:\/\/solidaridadlatam.org\/brasil\/\",\"name\":\"Solidaridad Southamerica\",\"description\":\"Organizaci\u00f3n Internacional sin fines de lucro con 50 a\u00f1os de experiencia a nivel global en desarrollo de mercados sostenibles e inclusivos\",\"potentialAction\":[{\"@type\":\"SearchAction\",\"target\":{\"@type\":\"EntryPoint\",\"urlTemplate\":\"https:\/\/solidaridadlatam.org\/brasil\/?s={search_term_string}\"},\"query-input\":{\"@type\":\"PropertyValueSpecification\",\"valueRequired\":true,\"valueName\":\"search_term_string\"}}],\"inLanguage\":\"es\"}]}<\/script>\n<!-- \/ Yoast SEO plugin. -->","yoast_head_json":{"title":"Service Desk - Solidaridad Southamerica","robots":{"index":"index","follow":"follow","max-snippet":"max-snippet:-1","max-image-preview":"max-image-preview:large","max-video-preview":"max-video-preview:-1"},"canonical":"https:\/\/solidaridadlatam.org\/brasil\/service-desk\/","og_locale":"es_ES","og_type":"article","og_title":"Service Desk - Solidaridad Southamerica","og_description":"[vc_row][vc_column][vc_custom_heading text=\u00bbService Desk Sua central de ajuda para solu\u00e7\u00f5es digitais\u00bb font_container=\u00bbtag:h2|text_align:center\u00bb][vc_empty_space woodmart_hide_large=\u00bb0&#8243; woodmart_hide_medium=\u00bb0&#8243; woodmart_hide_small=\u00bb0&#8243; woodmart_hide_extra_small=\u00bb0&#8243;][vc_single_image image=\u00bb11560&#8243; img_size=\u00bbmedium\u00bb alignment=\u00bbcenter\u00bb parallax_scroll=\u00bbno\u00bb][\/vc_column][\/vc_row][vc_row gap=\u00bb20&#8243;","og_url":"https:\/\/solidaridadlatam.org\/brasil\/service-desk\/","og_site_name":"Solidaridad Southamerica","article_modified_time":"2023-12-20T17:48:40+00:00","twitter_card":"summary_large_image","twitter_misc":{"Tiempo de lectura":"3 minutos"},"schema":{"@context":"https:\/\/schema.org","@graph":[{"@type":"WebPage","@id":"https:\/\/solidaridadlatam.org\/brasil\/service-desk\/","url":"https:\/\/solidaridadlatam.org\/brasil\/service-desk\/","name":"Service Desk - Solidaridad Southamerica","isPartOf":{"@id":"https:\/\/solidaridadlatam.org\/brasil\/#website"},"datePublished":"2023-12-20T13:48:53+00:00","dateModified":"2023-12-20T17:48:40+00:00","breadcrumb":{"@id":"https:\/\/solidaridadlatam.org\/brasil\/service-desk\/#breadcrumb"},"inLanguage":"es","potentialAction":[{"@type":"ReadAction","target":["https:\/\/solidaridadlatam.org\/brasil\/service-desk\/"]}]},{"@type":"BreadcrumbList","@id":"https:\/\/solidaridadlatam.org\/brasil\/service-desk\/#breadcrumb","itemListElement":[{"@type":"ListItem","position":1,"name":"Portada","item":"https:\/\/solidaridadlatam.org\/brasil\/"},{"@type":"ListItem","position":2,"name":"Service Desk"}]},{"@type":"WebSite","@id":"https:\/\/solidaridadlatam.org\/brasil\/#website","url":"https:\/\/solidaridadlatam.org\/brasil\/","name":"Solidaridad Southamerica","description":"Organizaci\u00f3n Internacional sin fines de lucro con 50 a\u00f1os de experiencia a nivel global en desarrollo de mercados sostenibles e inclusivos","potentialAction":[{"@type":"SearchAction","target":{"@type":"EntryPoint","urlTemplate":"https:\/\/solidaridadlatam.org\/brasil\/?s={search_term_string}"},"query-input":{"@type":"PropertyValueSpecification","valueRequired":true,"valueName":"search_term_string"}}],"inLanguage":"es"}]}},"_links":{"self":[{"href":"https:\/\/solidaridadlatam.org\/brasil\/wp-json\/wp\/v2\/pages\/11394","targetHints":{"allow":["GET"]}}],"collection":[{"href":"https:\/\/solidaridadlatam.org\/brasil\/wp-json\/wp\/v2\/pages"}],"about":[{"href":"https:\/\/solidaridadlatam.org\/brasil\/wp-json\/wp\/v2\/types\/page"}],"author":[{"embeddable":true,"href":"https:\/\/solidaridadlatam.org\/brasil\/wp-json\/wp\/v2\/users\/18"}],"replies":[{"embeddable":true,"href":"https:\/\/solidaridadlatam.org\/brasil\/wp-json\/wp\/v2\/comments?post=11394"}],"version-history":[{"count":41,"href":"https:\/\/solidaridadlatam.org\/brasil\/wp-json\/wp\/v2\/pages\/11394\/revisions"}],"predecessor-version":[{"id":11561,"href":"https:\/\/solidaridadlatam.org\/brasil\/wp-json\/wp\/v2\/pages\/11394\/revisions\/11561"}],"wp:attachment":[{"href":"https:\/\/solidaridadlatam.org\/brasil\/wp-json\/wp\/v2\/media?parent=11394"}],"wp:term":[{"taxonomy":"pagina_programas","embeddable":true,"href":"https:\/\/solidaridadlatam.org\/brasil\/wp-json\/wp\/v2\/pagina_programas?post=11394"}],"curies":[{"name":"wp","href":"https:\/\/api.w.org\/{rel}","templated":true}]}}